{"id":1965,"date":"2025-10-22T02:37:20","date_gmt":"2025-10-22T02:37:20","guid":{"rendered":"https:\/\/www.tuequan.com\/?page_id=1965"},"modified":"2025-10-22T02:39:03","modified_gmt":"2025-10-22T02:39:03","slug":"danh-sach-phap-thoai","status":"publish","type":"page","link":"https:\/\/www.tuequan.com\/index.php\/danh-sach-phap-thoai\/","title":{"rendered":"Danh S\u00e1ch Ph\u00e1p Tho\u1ea1i"},"content":{"rendered":"<ul class=\"wp-block-latest-posts__list has-dates wp-block-latest-posts\"><li><div class=\"wp-block-latest-posts__featured-image alignright\"><img width=\"150\" height=\"150\" src=\"https:\/\/www.tuequan.com\/wp-content\/uploads\/2026\/04\/1-150x150.png\" class=\"attachment-thumbnail size-thumbnail wp-post-image\" alt=\"\" decoding=\"async\" loading=\"lazy\" style=\"\" \/><\/div><a class=\"wp-block-latest-posts__post-title\" href=\"https:\/\/www.tuequan.com\/index.php\/2026\/04\/04\/phap-thoai-chieu-thu-bay-18-04-2026\/\">Ph\u00e1p tho\u1ea1i chi\u1ec1u th\u1ee9 b\u1ea3y, 18\/04\/2026<\/a><time datetime=\"2026-04-04T03:32:21+00:00\" class=\"wp-block-latest-posts__post-date\">04\/04\/2026<\/time><div class=\"wp-block-latest-posts__post-excerpt\">Th\u1ee9 b\u1ea3y, ng\u00e0y 18 th\u00e1ng 04 n\u0103m 2026 Th\u1eddi gian: 4:00 pm &#8211; 6:00 pm Th\u01b0\u1ee3ng t\u1ecda B\u1eedu Hi\u1ec1n thuy\u1ebft ph\u00e1p tr\u1ef1c ti\u1ebfp qua zoom: https:\/\/tinyurl.com\/phapthoaiSuBuuHien K\u00ednh m\u1eddi qu\u00fd Ph\u1eadt T\u1eed \u0111\u1ebfn\u00a0Tu\u1ec7 Qu\u00e1n Thi\u1ec1n Vi\u1ec7n tham d\u1ef1 Li\u00ean h\u1ec7: tuequan.info@gmail.com 3922 W 5th St. Santa Ana, CA 92703<\/div><\/li>\n<li><div class=\"wp-block-latest-posts__featured-image alignright\"><img width=\"150\" height=\"150\" src=\"https:\/\/www.tuequan.com\/wp-content\/uploads\/2026\/03\/1-150x150.png\" class=\"attachment-thumbnail size-thumbnail wp-post-image\" alt=\"\" decoding=\"async\" loading=\"lazy\" style=\"\" \/><\/div><a class=\"wp-block-latest-posts__post-title\" href=\"https:\/\/www.tuequan.com\/index.php\/2026\/03\/21\/phap-thoai-chieu-thu-bay-28-03-2026\/\">Ph\u00e1p tho\u1ea1i chi\u1ec1u th\u1ee9 b\u1ea3y, 28\/03\/2026<\/a><time datetime=\"2026-03-21T01:58:01+00:00\" class=\"wp-block-latest-posts__post-date\">03\/21\/2026<\/time><div class=\"wp-block-latest-posts__post-excerpt\">Th\u1ee9 b\u1ea3y, ng\u00e0y 28 th\u00e1ng 03 n\u0103m 2026 Th\u1eddi gian: 4:00 pm &#8211; 6:00 pm Th\u01b0\u1ee3ng t\u1ecda B\u1eedu Hi\u1ec1n thuy\u1ebft ph\u00e1p tr\u1ef1c ti\u1ebfp qua zoom: https:\/\/tinyurl.com\/phapthoaiSuBuuHien K\u00ednh m\u1eddi qu\u00fd Ph\u1eadt T\u1eed \u0111\u1ebfn\u00a0Tu\u1ec7 Qu\u00e1n Thi\u1ec1n Vi\u1ec7n tham d\u1ef1 Li\u00ean h\u1ec7: tuequan.info@gmail.com 3922 W 5th St. Santa Ana, CA 92703<\/div><\/li>\n<li><div class=\"wp-block-latest-posts__featured-image alignright\"><img width=\"150\" height=\"150\" src=\"https:\/\/www.tuequan.com\/wp-content\/uploads\/2026\/01\/1-150x150.png\" class=\"attachment-thumbnail size-thumbnail wp-post-image\" alt=\"\" decoding=\"async\" loading=\"lazy\" style=\"\" \/><\/div><a class=\"wp-block-latest-posts__post-title\" href=\"https:\/\/www.tuequan.com\/index.php\/2026\/01\/05\/phap-thoai-chieu-thu-bay-17-01-2026\/\">Ph\u00e1p tho\u1ea1i chi\u1ec1u th\u1ee9 b\u1ea3y, 17\/01\/2026<\/a><time datetime=\"2026-01-05T01:47:26+00:00\" class=\"wp-block-latest-posts__post-date\">01\/05\/2026<\/time><div class=\"wp-block-latest-posts__post-excerpt\">Th\u1ee9 b\u1ea3y, ng\u00e0y 17 th\u00e1ng 01 n\u0103m 2026 Th\u1eddi gian: 4:00 pm &#8211; 6:00 pm Th\u01b0\u1ee3ng t\u1ecda B\u1eedu Hi\u1ec1n thuy\u1ebft ph\u00e1p tr\u1ef1c ti\u1ebfp qua zoom: https:\/\/tinyurl.com\/phapthoaiSuBuuHien K\u00ednh m\u1eddi qu\u00fd Ph\u1eadt T\u1eed \u0111\u1ebfn\u00a0Tu\u1ec7 Qu\u00e1n Thi\u1ec1n Vi\u1ec7n tham d\u1ef1 Li\u00ean h\u1ec7: tuequan.info@gmail.com 3922 W 5th St. Santa Ana, CA 92703<\/div><\/li>\n<li><div class=\"wp-block-latest-posts__featured-image alignright\"><img width=\"150\" height=\"150\" src=\"https:\/\/www.tuequan.com\/wp-content\/uploads\/2025\/12\/viber_image_2025-12-14_07-41-05-816-150x150.jpg\" class=\"attachment-thumbnail size-thumbnail wp-post-image\" alt=\"\" decoding=\"async\" loading=\"lazy\" style=\"\" \/><\/div><a class=\"wp-block-latest-posts__post-title\" href=\"https:\/\/www.tuequan.com\/index.php\/2025\/12\/16\/phap-thoai-chieu-thu-bay-20-12-2025\/\">Ph\u00e1p tho\u1ea1i chi\u1ec1u th\u1ee9 b\u1ea3y, 20\/12\/2025<\/a><time datetime=\"2025-12-16T03:22:40+00:00\" class=\"wp-block-latest-posts__post-date\">12\/16\/2025<\/time><div class=\"wp-block-latest-posts__post-excerpt\">Th\u1ee9 b\u1ea3y, ng\u00e0y 20 th\u00e1ng 12 n\u0103m 2025 Th\u1eddi gian: 4:00 pm &#8211; 6:00 pm Ch\u1ee7 \u0111\u1ec1: 38 \u0110i\u1ec1u H\u1ea1nh Ph\u00fac Th\u01b0\u1ee3ng t\u1ecda B\u1eedu Hi\u1ec1n thuy\u1ebft ph\u00e1p tr\u1ef1c ti\u1ebfp qua zoom: https:\/\/tinyurl.com\/phapthoaiSuBuuHien K\u00ednh m\u1eddi qu\u00fd Ph\u1eadt T\u1eed \u0111\u1ebfn&nbsp;Tu\u1ec7 Qu\u00e1n Thi\u1ec1n Vi\u1ec7n tham d\u1ef1 Li\u00ean h\u1ec7: tuequan.info@gmail.com 3922 W 5th St. Santa Ana, CA 92703<\/div><\/li>\n<li><div class=\"wp-block-latest-posts__featured-image alignright\"><img width=\"150\" height=\"150\" src=\"https:\/\/www.tuequan.com\/wp-content\/uploads\/2025\/10\/1-5-150x150.png\" class=\"attachment-thumbnail size-thumbnail wp-post-image\" alt=\"\" decoding=\"async\" loading=\"lazy\" style=\"\" \/><\/div><a class=\"wp-block-latest-posts__post-title\" href=\"https:\/\/www.tuequan.com\/index.php\/2025\/10\/29\/phap-thoai-chieu-thu-bay-22-11-2025\/\">Ph\u00e1p tho\u1ea1i chi\u1ec1u th\u1ee9 b\u1ea3y, 22\/11\/2025<\/a><time datetime=\"2025-10-29T02:25:15+00:00\" class=\"wp-block-latest-posts__post-date\">10\/29\/2025<\/time><div class=\"wp-block-latest-posts__post-excerpt\">Th\u1ee9 b\u1ea3y, ng\u00e0y 22 th\u00e1ng 11 n\u0103m 2025 Th\u1eddi gian: 4:00 pm &#8211; 6:00 pm Ch\u1ee7 \u0111\u1ec1: 38 \u0110i\u1ec1u H\u1ea1nh Ph\u00fac Th\u01b0\u1ee3ng t\u1ecda B\u1eedu Hi\u1ec1n thuy\u1ebft ph\u00e1p tr\u1ef1c ti\u1ebfp qua zoom: https:\/\/tinyurl.com\/phapthoaiSuBuuHien K\u00ednh m\u1eddi qu\u00fd Ph\u1eadt T\u1eed \u0111\u1ebfn\u00a0Tu\u1ec7 Qu\u00e1n Thi\u1ec1n Vi\u1ec7n tham d\u1ef1 Li\u00ean h\u1ec7: tuequan.info@gmail.com 3922 W 5th St. Santa Ana, CA 92703<\/div><\/li>\n<li><div class=\"wp-block-latest-posts__featured-image alignright\"><img width=\"150\" height=\"150\" src=\"https:\/\/www.tuequan.com\/wp-content\/uploads\/2025\/10\/phap-thoai-18.10.25-150x150.png\" class=\"attachment-thumbnail size-thumbnail wp-post-image\" alt=\"\" decoding=\"async\" loading=\"lazy\" style=\"\" srcset=\"https:\/\/www.tuequan.com\/wp-content\/uploads\/2025\/10\/phap-thoai-18.10.25-150x150.png 150w, https:\/\/www.tuequan.com\/wp-content\/uploads\/2025\/10\/phap-thoai-18.10.25-300x300.png 300w, https:\/\/www.tuequan.com\/wp-content\/uploads\/2025\/10\/phap-thoai-18.10.25-1024x1024.png 1024w, https:\/\/www.tuequan.com\/wp-content\/uploads\/2025\/10\/phap-thoai-18.10.25-768x768.png 768w, https:\/\/www.tuequan.com\/wp-content\/uploads\/2025\/10\/phap-thoai-18.10.25.png 1080w\" sizes=\"(max-width: 150px) 100vw, 150px\" \/><\/div><a class=\"wp-block-latest-posts__post-title\" href=\"https:\/\/www.tuequan.com\/index.php\/2025\/10\/06\/phap-thoai-chieu-thu-bay-18-10-2025\/\">Ph\u00e1p tho\u1ea1i chi\u1ec1u th\u1ee9 b\u1ea3y, 18\/10\/2025<\/a><time datetime=\"2025-10-06T03:30:07+00:00\" class=\"wp-block-latest-posts__post-date\">10\/06\/2025<\/time><div class=\"wp-block-latest-posts__post-excerpt\">Th\u1ee9 b\u1ea3y, ng\u00e0y 18 th\u00e1ng 10 n\u0103m 2025 Th\u1eddi gian: 4:00 pm &#8211; 6:00 pm Ch\u1ee7 \u0111\u1ec1: 38 \u0110i\u1ec1u H\u1ea1nh Ph\u00fac Th\u01b0\u1ee3ng t\u1ecda B\u1eedu Hi\u1ec1n thuy\u1ebft ph\u00e1p tr\u1ef1c ti\u1ebfp qua zoom: https:\/\/tinyurl.com\/phapthoaiSuBuuHien K\u00ednh m\u1eddi qu\u00fd Ph\u1eadt T\u1eed \u0111\u1ebfn&nbsp;Tu\u1ec7 Qu\u00e1n Thi\u1ec1n Vi\u1ec7n tham d\u1ef1 Li\u00ean h\u1ec7: tuequan.info@gmail.com 3922 W 5th St. Santa Ana, CA 92703<\/div><\/li>\n<li><div class=\"wp-block-latest-posts__featured-image alignright\"><img width=\"150\" height=\"150\" src=\"https:\/\/www.tuequan.com\/wp-content\/uploads\/2025\/09\/27.09-150x150.jpg\" class=\"attachment-thumbnail size-thumbnail wp-post-image\" alt=\"\" decoding=\"async\" loading=\"lazy\" style=\"\" \/><\/div><a class=\"wp-block-latest-posts__post-title\" href=\"https:\/\/www.tuequan.com\/index.php\/2025\/09\/16\/phap-thoai-chieu-thu-bay-20-09-2025-2\/\">Ph\u00e1p tho\u1ea1i chi\u1ec1u th\u1ee9 b\u1ea3y, 27\/09\/2025<\/a><time datetime=\"2025-09-16T04:25:27+00:00\" class=\"wp-block-latest-posts__post-date\">09\/16\/2025<\/time><div class=\"wp-block-latest-posts__post-excerpt\">Th\u1ee9 b\u1ea3y, ng\u00e0y 27 th\u00e1ng 09 n\u0103m 2025 Th\u1eddi gian: 4:00 pm &#8211; 6:00 pm Ch\u1ee7 \u0111\u1ec1: 38 \u0110i\u1ec1u H\u1ea1nh Ph\u00fac Th\u01b0\u1ee3ng to\u1ea1 B\u1eedu Hi\u1ec1n thuy\u1ebft ph\u00e1p tr\u1ef1c ti\u1ebfp qua zoom: https:\/\/tinyurl.com\/phapthoaiSuBuuHien K\u00ednh m\u1eddi qu\u00fd Ph\u1eadt T\u1eed \u0111\u1ebfn&nbsp;Tu\u1ec7 Qu\u00e1n Thi\u1ec1n Vi\u1ec7n tham d\u1ef1 Li\u00ean h\u1ec7: tuequan.info@gmail.com 3922 W 5th St. Santa Ana, CA 92703<\/div><\/li>\n<li><div class=\"wp-block-latest-posts__featured-image alignright\"><img width=\"150\" height=\"150\" src=\"https:\/\/www.tuequan.com\/wp-content\/uploads\/2025\/07\/Su-Buu-Hien-08.23.25-150x150.jpg\" class=\"attachment-thumbnail size-thumbnail wp-post-image\" alt=\"\" decoding=\"async\" loading=\"lazy\" style=\"\" \/><\/div><a class=\"wp-block-latest-posts__post-title\" href=\"https:\/\/www.tuequan.com\/index.php\/2025\/07\/30\/phap-thoai-chieu-thu-bay-23-08-2025\/\">Ph\u00e1p tho\u1ea1i chi\u1ec1u th\u1ee9 b\u1ea3y, 23\/08\/2025<\/a><time datetime=\"2025-07-30T06:25:59+00:00\" class=\"wp-block-latest-posts__post-date\">07\/30\/2025<\/time><div class=\"wp-block-latest-posts__post-excerpt\">Th\u1ee9 b\u1ea3y, ng\u00e0y 23 th\u00e1ng 08 n\u0103m 2025 Th\u1eddi gian: 16:00 &#8211; 18:00 Ch\u1ee7 \u0111\u1ec1: 38 \u0110i\u1ec1u H\u1ea1nh Ph\u00fac Th\u01b0\u1ee3ng to\u1ea1 B\u1eedu Hi\u1ec1n thuy\u1ebft ph\u00e1p tr\u1ef1c ti\u1ebfp qua zoom: https:\/\/tinyurl.com\/phapthoaiSuBuuHien K\u00ednh m\u1eddi qu\u00fd Ph\u1eadt T\u1eed \u0111\u1ebfn&nbsp;Tu\u1ec7 Qu\u00e1n Thi\u1ec1n Vi\u1ec7n tham d\u1ef1 Li\u00ean h\u1ec7: tuequan.info@gmail.com 3922 W 5th St. Santa Ana, CA 92703<\/div><\/li>\n<li><div class=\"wp-block-latest-posts__featured-image alignright\"><img width=\"150\" height=\"150\" src=\"https:\/\/www.tuequan.com\/wp-content\/uploads\/2025\/07\/Su-Tu-Minh-08.08.25-150x150.jpg\" class=\"attachment-thumbnail size-thumbnail wp-post-image\" alt=\"\" decoding=\"async\" loading=\"lazy\" style=\"\" \/><\/div><a class=\"wp-block-latest-posts__post-title\" href=\"https:\/\/www.tuequan.com\/index.php\/2025\/07\/30\/le-sam-hoi-phap-thoai-08-08-2025\/\">L\u1ec5 s\u00e1m h\u1ed1i &#038; Ph\u00e1p tho\u1ea1i, 08\/08\/2025<\/a><time datetime=\"2025-07-30T06:19:31+00:00\" class=\"wp-block-latest-posts__post-date\">07\/30\/2025<\/time><div class=\"wp-block-latest-posts__post-excerpt\">Th\u1ee9 s\u00e1u, ng\u00e0y 08 th\u00e1ng 08 n\u0103m 2025 Th\u1eddi gian: 18:00 &#8211; 20:00 T\u1ef3 kh\u01b0u T\u1eeb Minh thuy\u1ebft ph\u00e1p tr\u1ef1c ti\u1ebfp v\u00e0 qua zoom https:\/\/us06web.zoom.us\/j\/82004543742?pwd=nBNoSSl1T6OMDi6YiIpJbIbn2O65lj.1 K\u00ednh m\u1eddi qu\u00fd Ph\u1eadt T\u1eed \u0111\u1ebfn&nbsp;Tu\u1ec7 Qu\u00e1n Thi\u1ec1n Vi\u1ec7n tham d\u1ef1 Li\u00ean h\u1ec7: tuequan.info@gmail.com 3922 W 5th St. Santa Ana, CA 92703<\/div><\/li>\n<li><div class=\"wp-block-latest-posts__featured-image alignright\"><img width=\"150\" height=\"150\" src=\"https:\/\/www.tuequan.com\/wp-content\/uploads\/2025\/07\/Su-Buu-Hien_Thang-7.25-150x150.jpg\" class=\"attachment-thumbnail size-thumbnail wp-post-image\" alt=\"\" decoding=\"async\" loading=\"lazy\" style=\"\" \/><\/div><a class=\"wp-block-latest-posts__post-title\" href=\"https:\/\/www.tuequan.com\/index.php\/2025\/07\/04\/phap-thoai-chieu-thu-bay-26-07-2025\/\">Ph\u00e1p tho\u1ea1i chi\u1ec1u th\u1ee9 b\u1ea3y, 26\/07\/2025<\/a><time datetime=\"2025-07-04T03:17:05+00:00\" class=\"wp-block-latest-posts__post-date\">07\/04\/2025<\/time><div class=\"wp-block-latest-posts__post-excerpt\">Th\u1ee9 b\u1ea3y, ng\u00e0y 26 th\u00e1ng 07 n\u0103m 2025 Th\u1eddi gian: 16:00 &#8211; 18:00 Ch\u1ee7 \u0111\u1ec1: 38 \u0110i\u1ec1u H\u1ea1nh Ph\u00fac Th\u01b0\u1ee3ng to\u1ea1 B\u1eedu Hi\u1ec1n thuy\u1ebft ph\u00e1p tr\u1ef1c ti\u1ebfp qua zoom: https:\/\/tinyurl.com\/phapthoaiSuBuuHien K\u00ednh m\u1eddi qu\u00fd Ph\u1eadt T\u1eed \u0111\u1ebfn&nbsp;Tu\u1ec7 Qu\u00e1n Thi\u1ec1n Vi\u1ec7n tham d\u1ef1 Li\u00ean h\u1ec7: tuequan.info@gmail.com 3922 W 5th St. Santa Ana, CA 92703<\/div><\/li>\n<\/ul>","protected":false},"excerpt":{"rendered":"","protected":false},"author":1,"featured_media":0,"parent":0,"menu_order":0,"comment_status":"closed","ping_status":"closed","template":"","meta":[],"_links":{"self":[{"href":"https:\/\/www.tuequan.com\/index.php\/wp-json\/wp\/v2\/pages\/1965"}],"collection":[{"href":"https:\/\/www.tuequan.com\/index.php\/wp-json\/wp\/v2\/pages"}],"about":[{"href":"https:\/\/www.tuequan.com\/index.php\/wp-json\/wp\/v2\/types\/page"}],"author":[{"embeddable":true,"href":"https:\/\/www.tuequan.com\/index.php\/wp-json\/wp\/v2\/users\/1"}],"replies":[{"embeddable":true,"href":"https:\/\/www.tuequan.com\/index.php\/wp-json\/wp\/v2\/comments?post=1965"}],"version-history":[{"count":1,"href":"https:\/\/www.tuequan.com\/index.php\/wp-json\/wp\/v2\/pages\/1965\/revisions"}],"predecessor-version":[{"id":1966,"href":"https:\/\/www.tuequan.com\/index.php\/wp-json\/wp\/v2\/pages\/1965\/revisions\/1966"}],"wp:attachment":[{"href":"https:\/\/www.tuequan.com\/index.php\/wp-json\/wp\/v2\/media?parent=1965"}],"curies":[{"name":"wp","href":"https:\/\/api.w.org\/{rel}","templated":true}]}}